{"id":101,"date":"2019-08-26T09:20:57","date_gmt":"2019-08-26T09:20:57","guid":{"rendered":"http:\/\/bethge-roedenbeck.de\/?page_id=101"},"modified":"2019-08-26T09:20:58","modified_gmt":"2019-08-26T09:20:58","slug":"datenschutzerklaerung","status":"publish","type":"page","link":"https:\/\/bethge-roedenbeck.de\/?page_id=101","title":{"rendered":"Datenschutzerkl\u00e4rung"},"content":{"rendered":"\n<p>\n1. Name und Kontaktdaten des f\u00fcr die Verarbeitung Verantwortlichen.<br>\nDiese Datenschutz-Information gilt f\u00fcr die Datenverarbeitung durch:<br><br>\nVerantwortlicher: Rechtsanw\u00e4lte Fabian Bethge und Torsten R\u00f6denbeck (im Folgenden: B&amp;R),<br>\nAn den Brodb\u00e4nken 5, 21335 L\u00fcneburg<br>\nEmail: info @ anwalt-lueneburg.de<br>\nTelefon: +49 (0)4131 380631<br>\nFax: +49 (0)4131 380633<br><br>\n2. Erhebung und Speicherung personenbezogener Daten sowie Art und Zweck von deren Verwendung<br><br>\na) Beim Besuch der Website<br>\nBeim Aufrufen unserer Website www.brm-jur.de werden durch den auf Ihrem \nEndger\u00e4t zum Einsatz kommenden Browser automatisch Informationen an den \nServer unserer Website gesendet. Diese Informationen werden tempor\u00e4r in \neinem sog. Logfile gespeichert. Folgende Informationen werden dabei ohne\n Ihr Zutun erfasst und bis zur automatisierten L\u00f6schung gespeichert:<br>\n\u2022 IP-Adresse des anfragenden Rechners,<br>\n\u2022 Datum und Uhrzeit des Zugriffs,<br>\n\u2022 Name und URL der abgerufenen Datei,<br>\n\u2022 Website, von der aus der Zugriff erfolgt (Referrer-URL),<br>\n\u2022 verwendeter Browser und ggf. das Betriebssystem Ihres Rechners sowie der Name Ihres Access-Providers.<br><br>\nDie genannten Daten werden durch uns zu folgenden<br>\nZwecken verarbeitet:<br>\n\u2022 Gew\u00e4hrleistung eines reibungslosen Verbindungsaufbaus der Website,<br>\n\u2022 Gew\u00e4hrleistung einer komfortablen Nutzung unserer Website,<br>\n\u2022 Auswertung der Systemsicherheit und -stabilit\u00e4t sowie<br>\n\u2022 zu weiteren administrativen Zwecken.<br><br>\nDie Rechtsgrundlage f\u00fcr die Datenverarbeitung ist Art. 6 Abs. 1 S. 1 \nlit. f DSGVO. Unser berechtigtes Interesse folgt aus oben aufgelisteten \nZwecken zur Datenerhebung. In keinem Fall verwenden wir die erhobenen \nDaten zu dem Zweck, R\u00fcckschl\u00fcsse auf Ihre Person zu ziehen.<br>\nDar\u00fcber hinaus setzen wir beim Besuch unserer Website Cookies sowie \nAnalysedienste ein. N\u00e4here Erl\u00e4uterungen dazu erhalten Sie unter den \nZiff. 4 und 5 dieser Datenschutzerkl\u00e4rung.<br><br><br>\nb) Bei Anmeldung f\u00fcr unseren Newsletter<br>\nSofern Sie nach Art. 6 Abs. 1 S. 1 lit. a DSGVO ausdr\u00fccklich \neingewilligt haben, verwenden wir Ihre E-Mail-Adresse daf\u00fcr, Ihnen \nregelm\u00e4\u00dfig unseren Newsletter zu \u00fcbersenden. F\u00fcr den Empfang des \nNewsletters ist die Angabe einer E-Mail-Adresse ausreichend. Die \nAbmeldung ist jederzeit m\u00f6glich, zum Beispiel \u00fcber einen Link am Ende \neines jeden Newsletters. Alternativ k\u00f6nnen Sie Ihren Abmeldewunsch gerne\n auch jederzeit an info@anwalt-lueneburg.de per E-Mail senden.<br><br>\nc) Bei Nutzung unseres Kontaktformulars<br>\nBei Fragen jeglicher Art bieten wir Ihnen die M\u00f6glichkeit, mit uns \u00fcber \nein auf der Website bereitgestelltes Formular Kontakt aufzunehmen. Dabei\n ist die Angabe einer g\u00fcltigen EMail- Adresse erforderlich, damit wir \nwissen, von wem die Anfrage stammt und um diese beantworten zu k\u00f6nnen. \nWeitere Angaben k\u00f6nnen freiwillig get\u00e4tigt werden. Die Datenverarbeitung\n zum Zwecke der Kontaktaufnahme mit uns erfolgt nach Art. 6 Abs. 1 S. 1 \nlit. a DSGVO auf Grundlage Ihrer freiwillig erteilten Einwilligung. Die \nf\u00fcr die Benutzung des Kontaktformulars von uns erhobenen \npersonenbezogenen Daten werden nach Erledigung der von Ihnen gestellten \nAnfrage automatisch gel\u00f6scht.<br><br><br>\n3. Weitergabe von Daten<br>\nEine \u00dcbermittlung Ihrer pers\u00f6nlichen Daten an Dritte zu anderen als den \nim Folgenden aufgef\u00fchrten Zwecken findet nicht statt. Wir geben Ihre \npers\u00f6nlichen Daten nur an Dritte weiter, wenn:<br>\n\u2022 Sie Ihre nach Art. 6 Abs. 1 S. 1 lit. a DSGVO ausdr\u00fcckliche Einwilligung dazu erteilt haben,<br>\n\u2022 die Weitergabe nach Art. 6 Abs. 1 S. 1 lit. f DSGVO zur \nGeltendmachung, Aus\u00fcbung oder Verteidigung von Rechtsanspr\u00fcchen \nerforderlich ist und kein Grund zur Annahme besteht, dass Sie ein \n\u00fcberwiegendes schutzw\u00fcrdiges Interesse an der Nichtweitergabe Ihrer \nDaten haben,<br>\n\u2022 f\u00fcr den Fall, dass f\u00fcr die Weitergabe nach Art. 6 Abs. 1 S. 1 lit. c DSGVO eine gesetzliche Verpflichtung besteht, sowie<br>\n\u2022 dies gesetzlich zul\u00e4ssig und nach Art. 6 Abs. 1 S. 1 lit. B DSGVO f\u00fcr \ndie Abwicklung von Vertragsverh\u00e4ltnissen mit Ihnen erforderlich ist.<br><br>\n4. Cookies<br>\nWir setzen auf unserer Seite Cookies ein. Hierbei handelt es sich um \nkleine Dateien, die Ihr Browser automatisch erstellt und die auf Ihrem \nEndger\u00e4t (Laptop, Tablet, Smartphone o.\u00e4.) gespeichert werden, wenn Sie \nunsere Seite besuchen. Cookies richten auf Ihrem Endger\u00e4t keinen Schaden\n an, enthalten keine Viren, Trojaner oder sonstige Schadsoftware. In dem\n Cookie werden Informationen abgelegt, die sich jeweils im Zusammenhang \nmit dem spezifisch eingesetzten Endger\u00e4t ergeben. Dies bedeutet jedoch \nnicht, dass wir dadurch unmittelbar Kenntnis von Ihrer Identit\u00e4t \nerhalten. Der Einsatz von Cookies dient einerseits dazu, die Nutzung \nunseres Angebots f\u00fcr Sie angenehmer zu gestalten. So setzen wir \nsogenannte Session-Cookies ein, um zu erkennen, dass Sie einzelne Seiten\n unserer Website bereits besucht haben. Diese werden nach Verlassen \nunserer Seite automatisch gel\u00f6scht. Dar\u00fcber hinaus setzen wir ebenfalls \nzur Optimierung der Benutzerfreundlichkeit tempor\u00e4re Cookies ein, die \nf\u00fcr einen bestimmten festgelegten Zeitraum auf Ihrem Endger\u00e4t \ngespeichert werden. Besuchen Sie unsere Seite erneut, um unsere Dienste \nin Anspruch zu nehmen, wird automatisch erkannt, dass Sie bereits bei \nuns waren und welche Eingaben und Einstellungen sie get\u00e4tigt haben, um \ndiese nicht noch einmal eingeben zu m\u00fcssen. Zum anderen setzten wir \nCookies ein, um die Nutzung unserer Website statistisch zu erfassen und \nzum Zwecke der Optimierung unseres Angebotes f\u00fcr Sie auszuwerten (siehe \nZiff. 5). Diese Cookies erm\u00f6glichen es uns, bei einem erneuten Besuch \nunserer Seite automatisch zu erkennen, dass Sie bereits bei uns waren. \nDiese Cookies werden nach einer jeweils definierten Zeit automatisch \ngel\u00f6scht. Die durch Cookies verarbeiteten Daten sind f\u00fcr die genannten \nZwecke zur Wahrung unserer berechtigten Interessen sowie der Dritter \nnach Art. 6 Abs. 1 S. 1 lit. f DSGVO erforderlich. Die meisten Browser \nakzeptieren Cookies automatisch. Sie k\u00f6nnen Ihren Browser jedoch so \nkonfigurieren, dass keine Cookies auf Ihrem Computer gespeichert werden \noder stets ein Hinweis erscheint, bevor ein neuer Cookie angelegt wird. \nDie vollst\u00e4ndige Deaktivierung von Cookies kann jedoch dazu f\u00fchren, dass\n Sie nicht alle Funktionen unserer Website nutzen k\u00f6nnen.<br><br>\n5. Analyse-Tools<br>\na) Tracking-Tools<br>\nDie im Folgenden aufgef\u00fchrten und von uns eingesetzten \nTracking-Ma\u00dfnahmen werden auf Grundlage des Art. 6 Abs. 1 S. 1 lit. f \nDSGVO durchgef\u00fchrt. Mit den zum Einsatz kommenden Tracking-Ma\u00dfnahmen \nwollen wir eine bedarfsgerechte Gestaltung und die fortlaufende \nOptimierung unserer Webseite sicherstellen. Zum anderen setzen wir die \nTracking-Ma\u00dfnahmen ein, um die Nutzung unserer Webseite statistisch zu \nerfassen und zum Zwecke der Optimierung unseres Angebotes f\u00fcr Sie \nauszuwerten. Diese Interessen sind als berechtigt imSinne der \nvorgenannten Vorschrift anzusehen. Die jeweiligen \nDatenverarbeitungszwecke und Datenkategorien sind aus den entsprechenden\n Tracking-Tools zu entnehmen.<br><br>\ni) Google Analytics1<br>\nZum Zwecke der bedarfsgerechten Gestaltung und fortlaufenden Optimierung\n unserer Seiten nutzen wir Google Analytics, ein Webanalysedienst der \nGoogle Inc. (https:\/\/www.google.de\/intl\/de\/about\/) (1600 Amphitheatre \nParkway, Mountain View, CA 94043, USA; im Folgenden \u201eGoogle\u201c). In diesem\n Zusammenhang werden pseudonymisierte Nutzungsprofile erstellt und \nCookies (siehe unter Ziff. 4) verwendet. Die durch den Cookie erzeugten \nInformationen \u00fcber Ihre Benutzung dieser Website wie<br>\n\u2022 Browser-Typ\/-Version,<br>\n\u2022 verwendetes Betriebssystem,<br>\n\u2022 Referrer-URL (die zuvor besuchte Seite),<br>\n\u2022 Hostname des zugreifenden Rechners (IP-Adresse),<br>\n\u2022 Uhrzeit der Serveranfrage,<br>\nwerden an einen Server von Google in den USA \u00fcbertragen und dort \ngespeichert. Die Informationen werden verwendet, um die Nutzung der \nWebsite auszuwerten, um Reports \u00fcber die Websiteaktivit\u00e4ten \nzusammenzustellen und um weitere mit der Websitenutzung und der \nInternetnutzung verbundene Dienstleistungen zu Zwecken der \nMarktforschung und bedarfsgerechten Gestaltung dieser Internetseiten zu \nerbringen. Auch werden diese Informationen gegebenenfalls an Dritte \n\u00fcbertragen, sofern dies gesetzlich vorgeschrieben ist oder soweit Dritte\n diese Daten im Auftrag verarbeiten. Es wird in keinem Fall Ihre IP \nAdresse mit anderen Daten von Google zusammengef\u00fchrt. Die IP-Adressen \nwerden anonymisiert, so dass eine Zuordnung nicht m\u00f6glich ist \n(IP-Masking). Sie k\u00f6nnen die Installation der Cookies durch eine \nentsprechende Einstellung der Browser-Software verhindern; wir weisen \njedoch darauf hin, dass in diesem Fall gegebenenfalls nicht s\u00e4mtliche \nFunktionen dieser Website vollumf\u00e4nglich genutzt werden k\u00f6nnen. Sie \nk\u00f6nnen dar\u00fcber hinaus die Erfassung der durch das Cookie erzeugten und \nauf Ihre Nutzung der Website bezogenen Daten (inkl. Ihrer IP-Adresse) \nsowie die Verarbeitung dieser Daten durch Google verhindern, indem Sie \nein Browser-Add-on herunterladen und installieren (https:\/\/ \ntools.google.com\/dlpage\/gaoptout?hl=de). Alternativ zum Browser-Add-on, \ninsbesondere bei Browsern auf mobilen Endger\u00e4ten, k\u00f6nnen Sie die \nErfassung durch Google Analytics zudem verhindern, indem Sie auf diesen \nLink klicken. Es wird ein Opt-out-Cookie gesetzt, das die zuk\u00fcnftige \nErfassung Ihrer Daten beim Besuch dieser Website verhindert. Der \nOpt-out-Cookie gilt nur in diesem Browser und nur f\u00fcr unsere Website und\n wird auf Ihrem Ger\u00e4t abgelegt. L\u00f6schen Sie die Cookies in diesem \nBrowser, m\u00fcssen Sie das Opt-out-Cookie erneut setzen. Weitere \nInformationen zum Datenschutz im Zusammenhang mit Google Analytics \nfinden Sie etwa in der Google Analytics-Hilfe \n(https:\/\/support.google.com\/analytics\/answer\/ 6004245?hl=de).<br><br>\nii) Google Adwords Conversion Tracking <br>\nUm die Nutzung unserer Webseite statistisch zu erfassen undzum Zwecke \nder Optimierung unserer Website f\u00fcr Sie auszuwerten, nutzen wir ferner \ndas Google Conversion Tracking. Dabei wird von Google Adwords ein Cookie\n (siehe Ziffer 4) auf Ihrem Rechner gesetzt, sofern Sie \u00fcber eine \nGoogle-Anzeigeauf unsere&nbsp; Webseite gelangt sind. Diese Cookies verlieren\n nach 30 Tagen ihre G\u00fcltigkeit und dienen nicht der pers\u00f6nlichen \nIdentifizierung. Besucht der Nutzer bestimmte Seiten der Webseite des \nAdwords-Kunden und das Cookie ist noch nicht abgelaufen, k\u00f6nnen Google \nund der Kunde erkennen, dass der Nutzer auf die Anzeige geklickt hat und\n zu dieser Seite weitergeleitet wurde. Datenschutzbeh\u00f6rden verlangen f\u00fcr\n den zul\u00e4ssigen Einsatz von Google Analytics den Abschluss einer \nAuftragsdatenverarbeitungs-Vereinbarung. Eine entsprechende Vorlage wird\n unter http:\/\/www.google.com\/analytics\/terms\/de.pdf von Google \nangeboten. Jeder Adwords-Kunde erh\u00e4lt ein anderes Cookie. Cookies k\u00f6nnen\n somit nicht \u00fcber die Webseiten von Adwords-Kunden nachverfolgt werden. \nDie mithilfe des Conversion-Cookies eingeholten Informationen dienen \ndazu, Conversion-Statistiken f\u00fcr Adwords-Kunden zu erstellen, die sich \nf\u00fcr Conversion-Tracking entschieden haben. Die Adwords-Kunden erfahren \ndie Gesamtanzahl der Nutzer, die auf ihre Anzeige geklickt haben und zu \neiner mit einem Conversion-Tracking-Tag versehenen Seite weitergeleitet \nwurden.&nbsp; Sie erhalten jedoch keine Informationen, mit denen sich Nutzer \npers\u00f6nlich identifizieren lassen. Wenn Sie nicht an dem \nTracking-Verfahren teilnehmen m\u00f6chten, k\u00f6nnen Sie auch das hierf\u00fcr \nerforderliche Setzen eines Cookies ablehnen \u2013 etwa per \nBrowser-Einstellung, die das automatische Setzen von Cookies generell \ndeaktiviert. Sie k\u00f6nnen Cookies f\u00fcr Conversion-Tracking auch \ndeaktivieren, indem Sie Ihren Browser soeinstellen, dass Cookies von der\n Domain \u201ewww.googleadservices.com\u201c blockiert werden. Googles \nDatenschutzbelehrung zum Conversion-Tracking finden Sie hier \n(https:\/\/services.google.com\/sitestats\/de.html).<br><br>\niii) Matomo <br>\nWir verwenden die Open-Source-Software Matomo zur Analyse und \nstatistischen Auswertung der Nutzung der Website. Hierzu werden Cookies \neingesetzt (siehe Ziffer 4). Die durch den Cookie erzeugten \nInformationen \u00fcber die Websitenutzung werden an unsere Server \u00fcbertragen\n und in pseudonymen Nutzungsprofilen zusammengefasst. Die Informationen \nwerden verwendet, um die Nutzung der Website auszuwerten und um eine \nbedarfsgerechte Gestaltung unserer Website zu erm\u00f6glichen. Eine \nWeitergabe der Informationen an Dritte erfolgt nicht. Es wird in keinem \nFall die IP-Adresse mit anderen den Nutzer betreffenden Daten in \nVerbindung gebracht. Die IPAdressen werden anonymisiert, so dass eine \nZuordnung nicht m\u00f6glich ist (IP-Masking). Ihr Besuch dieser Webseite \nwird aktuell von der Matomo Webanalyse erfasst. Klicken Sie hier \n(https:\/\/matamo.org\/docs\/privacy\/), damit Ihr Besuch nicht mehr erfasst \nwird.<br><br>\n6. Social Media Plug-ins<br>\nWir setzen auf unserer Website auf Grundlage des Art. 6 Abs. 1 S. 1 lit.\n f DSGVO Social Plug-ins der sozialen Netzwerke Facebook, Twitter und \nInstagram ein, um unsere Kanzlei hier\u00fcber bekannter zu machen. Der \ndahinterstehende werbliche Zweck ist als berechtigtes Interesse im Sinne\n der DSGVO anzusehen. Die Verantwortung f\u00fcr den datenschutzkonformen \nBetrieb ist durch deren jeweiligen Anbieter zu gew\u00e4hrleisten. Die \nEinbindung dieser Plug-ins durch uns erfolgt im Wege der sogenannten \nZwei-Klick Methode um Besucher unserer Webseite bestm\u00f6glich zu sch\u00fctzen.<br><br>\na) Facebook<br>\nAuf unserer Website kommen Social-Media Plugins von Facebook zum \nEinsatz, um deren Nutzung pers\u00f6nlicher zu gestalten. Hierf\u00fcr nutzen wir \nden \u201eLIKE\u201c oder \u201eTEILEN\u201c-Button. Es handelt sich dabei um ein Angebot \nvon Facebook. Wenn Sie eine Seite unseres Webauftritts aufrufen, die ein\n solches Plugin enth\u00e4lt, baut Ihr Browser eine direkte Verbindung mit \nden Servern von Facebook auf. Der Inhalt des Plugins wird von Facebook \ndirekt an Ihren Browser \u00fcbermittelt und von diesem in die Webseite \neingebunden. Durch die Einbindung der Plugins erh\u00e4lt Facebook die \nInformation, dass Ihr Browser die entsprechende Seite unseres \nWebauftritts aufgerufen hat, auch wenn Sie kein Facebook-Konto besitzen \noder gerade nicht bei Facebook eingeloggt sind. Diese Information \n(einschlie\u00dflich Ihrer IP-Adresse) wird von Ihrem Browser direkt an einen\n Server von Facebook in den USA \u00fcbermittelt und dort gespeichert. Sind \nSie bei Facebook eingeloggt, kann Facebook den Besuch unserer Website \nIhrem Facebook-Konto direkt zuordnen. Wenn Sie mit den Plugins \ninteragieren, zum Beispiel den \u201eLIKE\u201c oder \u201eTEILEN\u201c-Button bet\u00e4tigen, \nwird die entsprechende Information ebenfalls direkt an einen Server von \nFacebook \u00fcbermittelt und dort gespeichert. Die Informationen werden \nzudem auf Facebook ver\u00f6ffentlicht und Ihren Facebook-Freunden angezeigt.\n Facebook kann diese Informationen zum Zwecke der Werbung, \nMarktforschung und bedarfsgerechten Gestaltung der Facebook-Seiten \nbenutzen. Hierzu werden von Facebook Nutzungs-, Interessen- und \nBeziehungsprofile erstellt, z.B. um Ihre Nutzung unserer Website im \nHinblick auf die Ihnen bei Facebook eingeblendeten Werbeanzeigen \nauszuwerten, andere Facebook-Nutzer \u00fcber Ihre Aktivit\u00e4ten auf unserer \nWebsite zu informieren und um weitere mit der Nutzung von Facebook \nverbundene Dienstleistungen zu erbringen. Wenn Sie nicht m\u00f6chten, dass \nFacebook die \u00fcber unseren Webauftritt gesammelten Daten Ihrem \nFacebook-Konto zuordnet, m\u00fcssen Sie sich vor Ihrem Besuch unserer \nWebsite bei Facebook ausloggen. Zweck und Umfang der Datenerhebung und \ndie weitere Verarbeitung und Nutzung der Daten durch Facebook sowie Ihre\n diesbez\u00fcglichen Rechte und Einstellungsm\u00f6glichkeiten zum Schutz Ihrer \nPrivatsph\u00e4re entnehmen Sie bitte den Datenschutzhinweisen \n(https:\/\/www.facebook.com\/about\/privacy\/) von Facebook.<br><br>\nb) Twitter<br>\nAuf unseren Internetseiten sind Plugins des Kurznachrichtennetzwerks der\n Twitter Inc. (Twitter) integriert. Die Twitter- Plugins (tweet-Button) \nerkennen Sie an dem Twitter-Logo auf unserer Seite. Eine \u00dcbersicht \u00fcber \ntweet-Buttons finden Sie hier \n(https:\/\/about.twitter.com\/resources\/buttons). Wenn Sie eine Seite \nunseres Webauftritts aufrufen, die ein solches Plugin enth\u00e4lt, wird eine\n direkte Verbindung zwischen Ihrem Browser und dem Twitter-Server \nhergestellt. Twitter erh\u00e4lt dadurch die Information, dass Sie mit Ihrer \nIP-Adresse unsere Seite besucht haben. Wenn Sie den Twitter \n\u201etweet-Button\u201c anklicken, w\u00e4hrend Sie in Ihrem Twitter-Account \neingeloggt sind, k\u00f6nnen Sie die Inhalte unserer Seiten auf Ihrem \nTwitter-Profil verlinken. Dadurch kann Twitter den Besuch unserer Seiten\n Ihrem Benutzerkonto zuordnen. Wir weisen darauf hin, dass wir als \nAnbieter der Seiten keine Kenntnis vom Inhalt der \u00fcbermittelten Daten \nsowie deren Nutzung durch Twitter erhalten. Wenn Sie nicht w\u00fcnschen, \ndass Twitter den Besuch unserer<br>\nSeiten zuordnen kann, loggen Sie sich bitte aus Ihrem \nTwitter-Benutzerkonto aus. Weitere Informationen hierzu finden Sie in \nder Datenschutzerkl\u00e4rung von Twitter (https:\/\/twitter.com\/privacy).<br><br>\nc) Instagram<br>\nAuf unserer Website werden auch sogenannte Social Plugins (\u201ePlugins\u201c) \nvon Instagram verwendet, das von der Instagram LLC., 1601 Willow Road, \nMenlo Park, CA 94025, USA (\u201eInstagram\u201c) betrieben wird. Die Plugins sind\n mit einem Instagram-Logo beispielsweise in Form einer \n\u201eInstagram-Kamera\u201c gekennzeichnet. Wenn Sie eine Seite unseres \nWebauftritts aufrufen, die ein solches Plugin enth\u00e4lt, stellt Ihr \nBrowser eine direkte Verbindung zu den Servern von Instagram her. Der \nInhalt des Plugins wird von Instagram direkt an Ihren Browser \n\u00fcbermittelt und in die Seite eingebunden. Durch diese Einbindung erh\u00e4lt \nInstagram die Information, dass Ihr Browser die entsprechende Seite \nunseres Webauftritts aufgerufen hat, auch wenn Sie kein Instagram-Profil\n besitzen oder gerade nicht bei Instagram eingeloggt sind. Diese \nInformation (einschlie\u00dflich Ihrer IP-Adresse) wird von Ihrem Browser \ndirekt an einen Server von Instagram in die USA \u00fcbermittelt und dort \ngespeichert. Sind Sie bei Instagram eingeloggt, kann Instagram den \nBesuch unserer Website Ihrem Instagram-Account unmittelbar zuordnen. \nWenn Sie mit den Plugins interagieren, zum Beispiel das \u201eInstagram\u201c- \nButton bet\u00e4tigen, wird diese Information ebenfalls direkt an einen \nServer von Instagram \u00fcbermittelt und dort gespeichert. Die Informationen\n werden au\u00dferdem auf Ihrem Instagram- Account ver\u00f6ffentlicht und dort \nIhren Kontakten angezeigt. Wenn Sie nicht m\u00f6chten, dass Instagram die \n\u00fcber unseren Webauftritt gesammelten Daten unmittelbar Ihrem Instagram- \nAccount zuordnet, m\u00fcssen Sie sich vor Ihrem Besuch unserer Website bei \nInstagram ausloggen. Weitere Informationen hierzu Sie in der \nDatenschutzerkl\u00e4rung (https:\/\/help.instagram.com\/155833707900388) von \nInstagram.<br><br>\n7. Betroffenenrechte<br>\nSie haben das Recht:<br><br>\n\u2022 gem\u00e4\u00df Art. 15 DSGVO Auskunft \u00fcber Ihre von uns verarbeiteten \npersonenbezogenen Daten zu verlangen. Insbesondere k\u00f6nnen Sie Auskunft \n\u00fcber die Verarbeitungszwecke, die Kategorie der personenbezogenen Daten,\n die Kategorien von Empf\u00e4ngern, gegen\u00fcber denen Ihre Daten offengelegt \nwurden oder werden, die geplante Speicherdauer, das Bestehen eines \nRechts auf Berichtigung, L\u00f6schung, Einschr\u00e4nkung der Verarbeitung oder \nWiderspruch, das Bestehen eines Beschwerderechts, die Herkunft ihrer \nDaten, sofern diese nicht bei uns erhoben wurden, sowie \u00fcber das \nBestehen einer automatisierten Entscheidungsfindung einschlie\u00dflich \nProfiling und ggf. aussagekr\u00e4ftigen Informationen zu deren Einzelheiten \nverlangen;<br><br>\n\u2022 gem\u00e4\u00df Art. 16 DSGVO unverz\u00fcglich die Berichtigung unrichtiger oder \nVervollst\u00e4ndigung Ihrer bei uns gespeicherten personenbezogenen Daten zu\n verlangen;<br><br>\n\u2022 gem\u00e4\u00df Art. 17 DSGVO die L\u00f6schung Ihrer bei uns gespeicherten \npersonenbezogenen Daten zu verlangen, soweit nicht die Verarbeitung zur \nAus\u00fcbung des Rechts auf freie Meinungs\u00e4u\u00dferung und Information, zur \nErf\u00fcllung einer rechtlichen Verpflichtung, aus Gr\u00fcnden des \u00f6ffentlichen \nInteresses oder zur Geltendmachung, Aus\u00fcbung oder Verteidigung von \nRechtsanspr\u00fcchen erforderlich ist;<br><br>\n\u2022 gem\u00e4\u00df Art. 18 DSGVO die Einschr\u00e4nkung der Verarbeitung Ihrer \npersonenbezogenen Daten zu verlangen, soweit die Richtigkeit der Daten \nvon Ihnen bestritten wird, die Verarbeitung unrechtm\u00e4\u00dfig ist, Sie aber \nderen L\u00f6schung ablehnen und wir die Daten nicht mehr ben\u00f6tigen, Sie \njedoch diese zur Geltendmachung, Aus\u00fcbung oder Verteidigung von \nRechtsanspr\u00fcchen ben\u00f6tigen oder Sie gem\u00e4\u00df Art. 21 DSGVO Widerspruch \ngegen die Verarbeitung eingelegt haben;<br><br>\n\u2022 gem\u00e4\u00df Art. 20 DSGVO Ihre personenbezogenen Daten, die Sie uns \nbereitgestellt haben, in einem strukturierten, g\u00e4ngigen und \nmaschinenlesebaren Format zu erhalten oder die \u00dcbermittlung an einen \nanderen Verantwortlichen zu verlangen;<br><br>\n\u2022 gem\u00e4\u00df Art. 7 Abs. 3 DSGVO Ihre einmal erteilte Einwilligung jederzeit \ngegen\u00fcber uns zu widerrufen. Dies hat zur Folge, dass wir die \nDatenverarbeitung, die auf dieser Einwilligung beruhte, f\u00fcr die Zukunft \nnicht mehr fortf\u00fchren d\u00fcrfen und<br><br>\n\u2022 gem\u00e4\u00df Art. 77 DSGVO sich bei einer Aufsichtsbeh\u00f6rde zu beschweren. In \nder Regel k\u00f6nnen Sie sich hierf\u00fcr an die Aufsichtsbeh\u00f6rde Ihres \u00fcblichen\n Aufenthaltsortes oder Arbeitsplatzes oder unseres Kanzleisitzes wenden.<br><br>\n8. Widerspruchsrecht<br>\nSofern Ihre personenbezogenen Daten auf Grundlage von berechtigten \nInteressen gem\u00e4\u00df Art. 6 Abs. 1 S. 1 lit. f DSGVO verarbeitet werden, \nhaben Sie das Recht, gem\u00e4\u00df Art. 21 DSGVO Widerspruch gegen die \nVerarbeitung Ihrer personenbezogenen Daten einzulegen, soweit daf\u00fcr \nGr\u00fcnde vorliegen, die sich aus Ihrer besonderen Situation ergeben oder \nsich der Widerspruch gegen Direktwerbung richtet. Im letzteren Fall \nhaben Sie ein generelles Widerspruchsrecht, das ohne Angabe einer \nbesonderen Situation von uns umgesetzt wird. M\u00f6chten Sie von Ihrem \nWiderrufs- oder Widerspruchsrecht Gebrauch machen, gen\u00fcgt eine E-Mail an\n info@anwalt-lueneburg.de<br><br>\n9. Datensicherheit<br>\nWir verwenden innerhalb des Website-Besuchs das verbreitete \nSSL-Verfahren (Secure Socket Layer) in Verbindung mitder jeweils \nh\u00f6chsten Verschl\u00fcsselungsstufe, die von Ihrem Browser unterst\u00fctzt wird. \nIn der Regel handelt es sich dabei um eine 256 Bit Verschl\u00fcsselung. \nFalls Ihr Browser keine 256-Bit Verschl\u00fcsselung unterst\u00fctzt, greifen wir\n stattdessen auf 128-Bit v3 Technologie zur\u00fcck. Ob eine einzelne Seite \nunseres Internetauftrittes verschl\u00fcsselt \u00fcbertragen wird, erkennen Sie \nan der geschlossenen Darstellung des Sch\u00fcssel- beziehungsweise \nSchloss-Symbols in der unteren Statusleiste Ihres Browsers. Wir bedienen\n uns im \u00dcbrigen geeigneter technischer und organisatorischer \nSicherheitsma\u00dfnahmen, um Ihre Daten gegen zuf\u00e4llige oder vors\u00e4tzliche \nManipulationen, teilweisen oder vollst\u00e4ndigen Verlust, Zerst\u00f6rung oder \ngegen den unbefugten Zugriff Dritter zu sch\u00fctzen. Unsere \nSicherheitsma\u00dfnahmenwerden entsprechend der technologischen Entwicklung \nfortlaufend verbessert.<br><br>\n10. Aktualit\u00e4t und \u00c4nderung dieser Datenschutzerkl\u00e4rung<br>\nDiese Datenschutzerkl\u00e4rung ist aktuell g\u00fcltig und hat den Stand Mai \n2018. Durch die Weiterentwicklung unserer Website und Angebote dar\u00fcber \noder aufgrund ge\u00e4nderter gesetzlicher beziehungsweise beh\u00f6rdlicher \nVorgaben kann es notwendig werden, diese Datenschutzerkl\u00e4rung zu \u00e4ndern.\n \n\n<\/p>\n","protected":false},"excerpt":{"rendered":"<p>1. Name und Kontaktdaten des f\u00fcr die Verarbeitung Verantwortlichen. Diese Datenschutz-Information gilt f\u00fcr die Datenverarbeitung durch: Verantwortlicher: Rechtsanw\u00e4lte Fabian Bethge und Torsten R\u00f6denbeck (im Folgenden: B&amp;R), An den Brodb\u00e4nken 5, 21335 L\u00fcneburg Email: info @ anwalt-lueneburg.de Telefon: +49 (0)4131 380631 Fax: +49 (0)4131 380633 2. Erhebung und Speicherung personenbezogener Daten sowie Art und Zweck von<\/p>\n<p class=\"more-link\"><a href=\"https:\/\/bethge-roedenbeck.de\/?page_id=101\" class=\"themebutton\">Read More<\/a><\/p>\n","protected":false},"author":1,"featured_media":0,"parent":0,"menu_order":0,"comment_status":"closed","ping_status":"closed","template":"","meta":{"footnotes":""},"class_list":["post-101","page","type-page","status-publish","hentry"],"_links":{"self":[{"href":"https:\/\/bethge-roedenbeck.de\/index.php?rest_route=\/wp\/v2\/pages\/101","targetHints":{"allow":["GET"]}}],"collection":[{"href":"https:\/\/bethge-roedenbeck.de\/index.php?rest_route=\/wp\/v2\/pages"}],"about":[{"href":"https:\/\/bethge-roedenbeck.de\/index.php?rest_route=\/wp\/v2\/types\/page"}],"author":[{"embeddable":true,"href":"https:\/\/bethge-roedenbeck.de\/index.php?rest_route=\/wp\/v2\/users\/1"}],"replies":[{"embeddable":true,"href":"https:\/\/bethge-roedenbeck.de\/index.php?rest_route=%2Fwp%2Fv2%2Fcomments&post=101"}],"version-history":[{"count":1,"href":"https:\/\/bethge-roedenbeck.de\/index.php?rest_route=\/wp\/v2\/pages\/101\/revisions"}],"predecessor-version":[{"id":102,"href":"https:\/\/bethge-roedenbeck.de\/index.php?rest_route=\/wp\/v2\/pages\/101\/revisions\/102"}],"wp:attachment":[{"href":"https:\/\/bethge-roedenbeck.de\/index.php?rest_route=%2Fwp%2Fv2%2Fmedia&parent=101"}],"curies":[{"name":"wp","href":"https:\/\/api.w.org\/{rel}","templated":true}]}}