{"id":47,"date":"2019-08-26T08:19:23","date_gmt":"2019-08-26T08:19:23","guid":{"rendered":"http:\/\/bethge-roedenbeck.de\/?page_id=47"},"modified":"2019-09-02T07:55:03","modified_gmt":"2019-09-02T07:55:03","slug":"kanzlei","status":"publish","type":"page","link":"https:\/\/bethge-roedenbeck.de\/?page_id=47","title":{"rendered":"Kanzlei"},"content":{"rendered":"\n<div class=\"wp-block-image\"><figure class=\"aligncenter\"><img loading=\"lazy\" decoding=\"async\" width=\"400\" height=\"250\" src=\"http:\/\/bethge-roedenbeck.de\/wp-content\/uploads\/2019\/09\/Bild14.jpg\" alt=\"\" class=\"wp-image-138\" srcset=\"https:\/\/bethge-roedenbeck.de\/wp-content\/uploads\/2019\/09\/Bild14.jpg 400w, https:\/\/bethge-roedenbeck.de\/wp-content\/uploads\/2019\/09\/Bild14-300x188.jpg 300w\" sizes=\"auto, (max-width: 400px) 100vw, 400px\" \/><\/figure><\/div>\n\n\n\n<p style=\"text-align:left\"><em>Kanzleisitz:<\/em> <br>\n                        Rechtsanw\u00e4lte Bethge &amp; R\u00f6denbeck<br>\n                        An den Brodb\u00e4nken 5, 21335 L\u00fcneburg<br>\n                        Telefon: 04131 \/ 380631<br>\n                        Fax: 04131 \/ 380633<br>\n                        Email: <a href=\"mailto:info@anwalt-lueneburg.de\">info@anwalt-lueneburg.de<\/a><\/p>\n\n\n\n<p><strong><em>Kanzleiprofil<\/em><\/strong><br>Die Kanzlei ist zum einen auf die Rechtsberatung und Vertretung von <em>Privatpersonen <\/em>in  s\u00e4mtlichen Fragen des Ehe\u2013 und Familienrechts, Verkehrsrechts,  Erbrechts, Arbeitsrechts und allgemeinen Zivilrechts und die Vertretung  von <em>kleineren und mittelst\u00e4ndischen Unternehmen<\/em> in allen Bereichen des Zivilrechts ausgerichtet. <br><br>Zudem  besteht ein Schwerpunkt in der Bearbeitung straf-  und    ordnungswidrigkeitenrechtlicher Mandate aller Arten mit dem  besonderen    Schwerpunkt auf stra\u00dfenverkehrsrechtliche Straf- und  Bu\u00dfgeldsachen.   Aber  auch Verm\u00f6gens- und Eigentumsdelikte sowie Delikte  gegen den Leib   oder  das Leben anderer werden bearbeitet.<br><br>Bei der Beratung  und Vertretung unserer Mandanten geht es  uns neben   der L\u00f6sung von  Rechtsproblemen vor allem darum, im Interesse  unserer   Mandanten  wirtschaftlich sinnvolle Ergebnisse zu erzielen. Dazu  geh\u00f6rt    selbstverst\u00e4ndlich auch volle Transparenz hinsichtlich der    entstehenden  Gerichts\u2013 und Anwaltskosten.   <\/p>\n","protected":false},"excerpt":{"rendered":"<p>Kanzleisitz: Rechtsanw\u00e4lte Bethge &amp; R\u00f6denbeck An den Brodb\u00e4nken 5, 21335 L\u00fcneburg Telefon: 04131 \/ 380631 Fax: 04131 \/ 380633 Email: info@anwalt-lueneburg.de KanzleiprofilDie Kanzlei ist zum einen auf die Rechtsberatung und Vertretung von Privatpersonen in s\u00e4mtlichen Fragen des Ehe\u2013 und Familienrechts, Verkehrsrechts, Erbrechts, Arbeitsrechts und allgemeinen Zivilrechts und die Vertretung von kleineren und mittelst\u00e4ndischen Unternehmen in<\/p>\n<p class=\"more-link\"><a href=\"https:\/\/bethge-roedenbeck.de\/?page_id=47\" class=\"themebutton\">Read More<\/a><\/p>\n","protected":false},"author":1,"featured_media":0,"parent":0,"menu_order":0,"comment_status":"closed","ping_status":"closed","template":"","meta":{"footnotes":""},"class_list":["post-47","page","type-page","status-publish","hentry"],"_links":{"self":[{"href":"https:\/\/bethge-roedenbeck.de\/index.php?rest_route=\/wp\/v2\/pages\/47","targetHints":{"allow":["GET"]}}],"collection":[{"href":"https:\/\/bethge-roedenbeck.de\/index.php?rest_route=\/wp\/v2\/pages"}],"about":[{"href":"https:\/\/bethge-roedenbeck.de\/index.php?rest_route=\/wp\/v2\/types\/page"}],"author":[{"embeddable":true,"href":"https:\/\/bethge-roedenbeck.de\/index.php?rest_route=\/wp\/v2\/users\/1"}],"replies":[{"embeddable":true,"href":"https:\/\/bethge-roedenbeck.de\/index.php?rest_route=%2Fwp%2Fv2%2Fcomments&post=47"}],"version-history":[{"count":2,"href":"https:\/\/bethge-roedenbeck.de\/index.php?rest_route=\/wp\/v2\/pages\/47\/revisions"}],"predecessor-version":[{"id":139,"href":"https:\/\/bethge-roedenbeck.de\/index.php?rest_route=\/wp\/v2\/pages\/47\/revisions\/139"}],"wp:attachment":[{"href":"https:\/\/bethge-roedenbeck.de\/index.php?rest_route=%2Fwp%2Fv2%2Fmedia&parent=47"}],"curies":[{"name":"wp","href":"https:\/\/api.w.org\/{rel}","templated":true}]}}