{"id":49,"date":"2019-08-26T08:21:46","date_gmt":"2019-08-26T08:21:46","guid":{"rendered":"http:\/\/bethge-roedenbeck.de\/?page_id=49"},"modified":"2019-09-02T07:53:12","modified_gmt":"2019-09-02T07:53:12","slug":"anwaelte","status":"publish","type":"page","link":"https:\/\/bethge-roedenbeck.de\/?page_id=49","title":{"rendered":"Anw\u00e4lte"},"content":{"rendered":"\n<div class=\"wp-block-image\"><figure class=\"aligncenter\"><img loading=\"lazy\" decoding=\"async\" width=\"400\" height=\"312\" src=\"http:\/\/bethge-roedenbeck.de\/wp-content\/uploads\/2019\/09\/L1040127k.jpg\" alt=\"\" class=\"wp-image-132\" srcset=\"https:\/\/bethge-roedenbeck.de\/wp-content\/uploads\/2019\/09\/L1040127k.jpg 400w, https:\/\/bethge-roedenbeck.de\/wp-content\/uploads\/2019\/09\/L1040127k-300x234.jpg 300w\" sizes=\"auto, (max-width: 400px) 100vw, 400px\" \/><\/figure><\/div>\n\n\n\n<p>Die Rechtsanw\u00e4lte Fabian Bethge und Torsten R\u00f6denbeck haben die \nKanzlei im Jahre 1997 gegr\u00fcndet. Sie sind vor allen Amts\u2013, Land\u2013 und \nOberlandesgerichten in der Bundesrepublik Deutschland \nauftretungsberechtigt.<\/p>\n\n\n\n<p>Die Rechtsanw\u00e4lte haben sich auf jeweils unterschiedliche \nRechtsgebiete spezialisiert, sie bilden sich regelm\u00e4\u00dfig fort, um eine \noptimale Vertretung der Mandanten zu gew\u00e4hrleisten<\/p>\n","protected":false},"excerpt":{"rendered":"<p>Die Rechtsanw\u00e4lte Fabian Bethge und Torsten R\u00f6denbeck haben die Kanzlei im Jahre 1997 gegr\u00fcndet. Sie sind vor allen Amts\u2013, Land\u2013 und Oberlandesgerichten in der Bundesrepublik Deutschland auftretungsberechtigt. Die Rechtsanw\u00e4lte haben sich auf jeweils unterschiedliche Rechtsgebiete spezialisiert, sie bilden sich regelm\u00e4\u00dfig fort, um eine optimale Vertretung der Mandanten zu gew\u00e4hrleisten<\/p>\n","protected":false},"author":1,"featured_media":0,"parent":0,"menu_order":0,"comment_status":"closed","ping_status":"closed","template":"","meta":{"footnotes":""},"class_list":["post-49","page","type-page","status-publish","hentry"],"_links":{"self":[{"href":"https:\/\/bethge-roedenbeck.de\/index.php?rest_route=\/wp\/v2\/pages\/49","targetHints":{"allow":["GET"]}}],"collection":[{"href":"https:\/\/bethge-roedenbeck.de\/index.php?rest_route=\/wp\/v2\/pages"}],"about":[{"href":"https:\/\/bethge-roedenbeck.de\/index.php?rest_route=\/wp\/v2\/types\/page"}],"author":[{"embeddable":true,"href":"https:\/\/bethge-roedenbeck.de\/index.php?rest_route=\/wp\/v2\/users\/1"}],"replies":[{"embeddable":true,"href":"https:\/\/bethge-roedenbeck.de\/index.php?rest_route=%2Fwp%2Fv2%2Fcomments&post=49"}],"version-history":[{"count":2,"href":"https:\/\/bethge-roedenbeck.de\/index.php?rest_route=\/wp\/v2\/pages\/49\/revisions"}],"predecessor-version":[{"id":133,"href":"https:\/\/bethge-roedenbeck.de\/index.php?rest_route=\/wp\/v2\/pages\/49\/revisions\/133"}],"wp:attachment":[{"href":"https:\/\/bethge-roedenbeck.de\/index.php?rest_route=%2Fwp%2Fv2%2Fmedia&parent=49"}],"curies":[{"name":"wp","href":"https:\/\/api.w.org\/{rel}","templated":true}]}}