{"id":54,"date":"2019-08-26T08:28:13","date_gmt":"2019-08-26T08:28:13","guid":{"rendered":"http:\/\/bethge-roedenbeck.de\/?page_id=54"},"modified":"2019-09-03T13:22:47","modified_gmt":"2019-09-03T13:22:47","slug":"torsten-roedenbeck","status":"publish","type":"page","link":"https:\/\/bethge-roedenbeck.de\/?page_id=54","title":{"rendered":"Torsten R\u00f6denbeck"},"content":{"rendered":"\n<h2 class=\"wp-block-heading\"><strong>Zur Person:<\/strong><\/h2>\n\n\n\n<p><strong>Torsten R\u00f6denbeck<\/strong>,  verheiratet, 2 Kinder, geboren 1969 in  \nL\u00fcneburg, Abitur im Sommer 1988  in Scharnebeck, anschlie\u00dfend Studium  \nder Rechtswissenschaften in Kiel,  Juli 1994 bis Juli 1995  \nGrundwehrdienst in L\u00fcneburg, seit Oktober 1997  Rechtsanwalt in  \nL\u00fcneburg, auftretungsberechtigt vor allen Amts\u2013, Land\u2013  und  \nOberlandesgerichten in der Bundesrepublik Deutschland.<br>\n<\/p>\n\n\n\n<p><strong>Fachanwalt f\u00fcr Familienrecht<\/strong><\/p>\n\n\n\n<p><strong>Fachanwalt f\u00fcr Erbrecht<\/strong><\/p>\n\n\n\n<p><strong>&#8211;<\/strong> Mitglied des   F\u00f6rdervereins Ehe\u2013 und Lebensberatung e. V.<br>\n&#8211; Mitglied in der Arbeitsgemeinschaft Erbrecht des Deutschen Anwaltsvereins (ARGE Erbrecht)<br>\n&#8211; Mitglied in der Arbeitsgemeinschaft f\u00fcr privates Bau\u2013 und  Architektenrecht im Deutschen Anwaltsverein (ARGE Baurecht)<br>\n&#8211; Mitglied in der Arbeitgemeinschaft f\u00fcr Familienrecht<br>\n<br>\nT\u00e4tigkeitsschwerpunkte: Ehe\u2013 und Familienrecht einschl. Scheidungs- und \nUnterhaltsrecht, Erbrecht, Arbeitsrecht und ziviles Baurecht<\/p>\n\n\n\n<figure class=\"wp-block-image\"><img loading=\"lazy\" decoding=\"async\" width=\"289\" height=\"400\" src=\"https:\/\/bethge-roedenbeck.de\/wp-content\/uploads\/2019\/09\/mue.jpg\" alt=\"\" class=\"wp-image-183\" srcset=\"https:\/\/bethge-roedenbeck.de\/wp-content\/uploads\/2019\/09\/mue.jpg 289w, https:\/\/bethge-roedenbeck.de\/wp-content\/uploads\/2019\/09\/mue-217x300.jpg 217w\" sizes=\"auto, (max-width: 289px) 100vw, 289px\" \/><\/figure>\n","protected":false},"excerpt":{"rendered":"<p>Zur Person: Torsten R\u00f6denbeck, verheiratet, 2 Kinder, geboren 1969 in L\u00fcneburg, Abitur im Sommer 1988 in Scharnebeck, anschlie\u00dfend Studium der Rechtswissenschaften in Kiel, Juli 1994 bis Juli 1995 Grundwehrdienst in L\u00fcneburg, seit Oktober 1997 Rechtsanwalt in L\u00fcneburg, auftretungsberechtigt vor allen Amts\u2013, Land\u2013 und Oberlandesgerichten in der Bundesrepublik Deutschland. Fachanwalt f\u00fcr Familienrecht Fachanwalt f\u00fcr Erbrecht &#8211;<\/p>\n<p class=\"more-link\"><a href=\"https:\/\/bethge-roedenbeck.de\/?page_id=54\" class=\"themebutton\">Read More<\/a><\/p>\n","protected":false},"author":1,"featured_media":0,"parent":0,"menu_order":0,"comment_status":"closed","ping_status":"closed","template":"","meta":{"footnotes":""},"class_list":["post-54","page","type-page","status-publish","hentry"],"_links":{"self":[{"href":"https:\/\/bethge-roedenbeck.de\/index.php?rest_route=\/wp\/v2\/pages\/54","targetHints":{"allow":["GET"]}}],"collection":[{"href":"https:\/\/bethge-roedenbeck.de\/index.php?rest_route=\/wp\/v2\/pages"}],"about":[{"href":"https:\/\/bethge-roedenbeck.de\/index.php?rest_route=\/wp\/v2\/types\/page"}],"author":[{"embeddable":true,"href":"https:\/\/bethge-roedenbeck.de\/index.php?rest_route=\/wp\/v2\/users\/1"}],"replies":[{"embeddable":true,"href":"https:\/\/bethge-roedenbeck.de\/index.php?rest_route=%2Fwp%2Fv2%2Fcomments&post=54"}],"version-history":[{"count":2,"href":"https:\/\/bethge-roedenbeck.de\/index.php?rest_route=\/wp\/v2\/pages\/54\/revisions"}],"predecessor-version":[{"id":184,"href":"https:\/\/bethge-roedenbeck.de\/index.php?rest_route=\/wp\/v2\/pages\/54\/revisions\/184"}],"wp:attachment":[{"href":"https:\/\/bethge-roedenbeck.de\/index.php?rest_route=%2Fwp%2Fv2%2Fmedia&parent=54"}],"curies":[{"name":"wp","href":"https:\/\/api.w.org\/{rel}","templated":true}]}}