{"id":70,"date":"2019-08-26T09:02:22","date_gmt":"2019-08-26T09:02:22","guid":{"rendered":"http:\/\/bethge-roedenbeck.de\/?page_id=70"},"modified":"2021-07-13T15:30:36","modified_gmt":"2021-07-13T15:30:36","slug":"mediation","status":"publish","type":"page","link":"https:\/\/bethge-roedenbeck.de\/?page_id=70","title":{"rendered":"Mediation"},"content":{"rendered":"\n<p>Eine Streitigkeit \u00fcber tats\u00e4chliche und\/oder rechtliche Fragen mu\u00df nicht immer vor Gericht landen. Mediation ist ein strukturiertes, freiwilliges Verfahren zur konstruktiven Beilegung oder Vermeidung einer Streitigkeit.<\/p>\n\n\n\n<p><br>Konfliktparteien versuchen mit Hilfe eines unparteiischen Mediators zu einer eigenverantwortlichen Einigung und einer gemeinsamen Vereinbarung zu gelangen, die den Bed\u00fcrfnissen und Interessen beider Parteien Rechnung tr\u00e4gt. Der Mediator trifft hierbei keine eigenen Entscheidungen, sondern  ist allein daf\u00fcr verantwortlich, da\u00df die Parteien miteinander reden,  ihre Positionen und Ziele formulieren und L\u00f6sungen erarbeiten.<br> <br>Rechtsanw\u00e4lte sind f\u00fcr eine erfolgsversprechende Mediation besonders geeignet, weil sie seit Beginn ihrer Ausbildung gelernt haben, Probleme und Konflikte von allen Seiten zu betrachten und jeweils das F\u00fcr und Wider einer Position gegen\u00fcber zu stellen. Dar\u00fcber hinaus verf\u00fcgen sie durch ihre t\u00e4gliche Arbeit \u00fcber Erfahrung im Umgang mit Streitparteien und sind nicht zuletzt durch ihr juristisches Wissen in der Lage, den Gespr\u00e4chen der Medianden den richtigen rechtlichen Rahmen zu geben.<br> <br>Das Mediationsverfahren ist in jeder Phase freiwillig, kann also jederzeit und ohne Angabe von Gr\u00fcnden abgebrochen werden. Alle Beteiligten  verpflichten sich zur Verschwiegenheit, so da\u00df alles, was in der  Mediation besprochen wird, nicht nach au\u00dfen dringt und auch in einem Proze\u00df nicht verwertet werden darf. Das Honorar des Mediators wird mit den Parteien ausgehandelt.<\/p>\n\n\n\n<p>Eine Mediation bietet somit die Chance, Streitigkeiten oder Meinungsverschiedenheiten ohne Beteiligung eines Gerichts zu einer einvernehmlichen L\u00f6sung zu f\u00fchren. Dieses hat f\u00fcr die beteiligten Streitparteien in aller Regel nicht nur zeitliche sondern auch finanzielle Vorteile.<\/p>\n","protected":false},"excerpt":{"rendered":"<p>Eine Streitigkeit \u00fcber tats\u00e4chliche und\/oder rechtliche Fragen mu\u00df nicht immer vor Gericht landen. Mediation ist ein strukturiertes, freiwilliges Verfahren zur konstruktiven Beilegung oder Vermeidung einer Streitigkeit. Konfliktparteien versuchen mit Hilfe eines unparteiischen Mediators zu einer eigenverantwortlichen Einigung und einer gemeinsamen Vereinbarung zu gelangen, die den Bed\u00fcrfnissen und Interessen beider Parteien Rechnung tr\u00e4gt. Der Mediator trifft<\/p>\n<p class=\"more-link\"><a href=\"https:\/\/bethge-roedenbeck.de\/?page_id=70\" class=\"themebutton\">Read More<\/a><\/p>\n","protected":false},"author":1,"featured_media":0,"parent":0,"menu_order":0,"comment_status":"closed","ping_status":"closed","template":"","meta":{"footnotes":""},"class_list":["post-70","page","type-page","status-publish","hentry"],"_links":{"self":[{"href":"https:\/\/bethge-roedenbeck.de\/index.php?rest_route=\/wp\/v2\/pages\/70","targetHints":{"allow":["GET"]}}],"collection":[{"href":"https:\/\/bethge-roedenbeck.de\/index.php?rest_route=\/wp\/v2\/pages"}],"about":[{"href":"https:\/\/bethge-roedenbeck.de\/index.php?rest_route=\/wp\/v2\/types\/page"}],"author":[{"embeddable":true,"href":"https:\/\/bethge-roedenbeck.de\/index.php?rest_route=\/wp\/v2\/users\/1"}],"replies":[{"embeddable":true,"href":"https:\/\/bethge-roedenbeck.de\/index.php?rest_route=%2Fwp%2Fv2%2Fcomments&post=70"}],"version-history":[{"count":2,"href":"https:\/\/bethge-roedenbeck.de\/index.php?rest_route=\/wp\/v2\/pages\/70\/revisions"}],"predecessor-version":[{"id":260,"href":"https:\/\/bethge-roedenbeck.de\/index.php?rest_route=\/wp\/v2\/pages\/70\/revisions\/260"}],"wp:attachment":[{"href":"https:\/\/bethge-roedenbeck.de\/index.php?rest_route=%2Fwp%2Fv2%2Fmedia&parent=70"}],"curies":[{"name":"wp","href":"https:\/\/api.w.org\/{rel}","templated":true}]}}