{"id":91,"date":"2019-08-26T09:14:49","date_gmt":"2019-08-26T09:14:49","guid":{"rendered":"http:\/\/bethge-roedenbeck.de\/?page_id=91"},"modified":"2021-07-13T16:03:05","modified_gmt":"2021-07-13T16:03:05","slug":"honorare","status":"publish","type":"page","link":"https:\/\/bethge-roedenbeck.de\/?page_id=91","title":{"rendered":"Honorare"},"content":{"rendered":"\n<p><strong>Honorare<\/strong><br><br> Die  Verg\u00fctung wird zu Beginn der Aufnahme unserer T\u00e4tigkeit  mit den   Mandanten besprochen. Dabei kommen je nach Einzelfall folgende    Abrechnungsmethoden zur Anwendung:<br><br><strong>Bei Beratungsmandaten und au\u00dfergerichtlichen Vertretungen:<br> <\/strong><br> Entweder  erfolgt die Abrechnung nach den gesetzlichen  Regelungen des  RVG  (Rechtsanwaltsverg\u00fctungsgesetz) oder nach  individueller  Vereinbarung. Je nach  Schwierigkeitsgrad und Umfang des Mandats.   Alternativ kann in  geeigneten F\u00e4llen auch ein Pauschalhonorar  vereinbart  werden.<br><br> Die Geb\u00fchren f\u00fcr Erstberatungen bewegen sich zwischen \u20ac   10,00 bis  maximal \u20ac 190,00 zzgl. evtl. Auslagen und Mehrwertsteuer bei   einem  Auftraggeber, soweit dieser ein Verbraucher ist. <br><br><br><strong>Bei Proze\u00dfvertretungen:<\/strong><br><br> Grunds\u00e4tzlich  erfolgt die Abrechnung nach den gesetzlichen   Geb\u00fchrenregelungen im  Rechtsanwaltsverg\u00fctungsgesetz, in den meisten   F\u00e4llen sieht das Gesetz  dabei eine Abrechnung anhand von Streitwerten   vor. <br><br><strong>Bei der Erstellung von Rechtsgutachten:<\/strong><br><br> Grunds\u00e4tzlich  kann hier ein Pauschalhonorar im Einzelfall  vereinbart  werden.  Alternativ ist eine Abrechung auf der Basis eines  Zeithonorars  m\u00f6glich.<br><br> Erg\u00e4nzend  sind Auslagen entweder einzelfallbezogen oder  pauschal zu  erstatten.  Ferner unterliegen unsere Leistungen der  Umsatzsteuer  (derzeit 19 %). <\/p>\n\n\n\n<div class=\"wp-block-image\"><figure class=\"aligncenter\"><img loading=\"lazy\" decoding=\"async\" width=\"112\" height=\"74\" src=\"http:\/\/bethge-roedenbeck.de\/wp-content\/uploads\/2019\/09\/geld.jpg\" alt=\"\" class=\"wp-image-136\"\/><\/figure><\/div>\n","protected":false},"excerpt":{"rendered":"<p>Honorare Die Verg\u00fctung wird zu Beginn der Aufnahme unserer T\u00e4tigkeit mit den Mandanten besprochen. Dabei kommen je nach Einzelfall folgende Abrechnungsmethoden zur Anwendung: Bei Beratungsmandaten und au\u00dfergerichtlichen Vertretungen: Entweder erfolgt die Abrechnung nach den gesetzlichen Regelungen des RVG (Rechtsanwaltsverg\u00fctungsgesetz) oder nach individueller Vereinbarung. Je nach Schwierigkeitsgrad und Umfang des Mandats. Alternativ kann in geeigneten F\u00e4llen<\/p>\n<p class=\"more-link\"><a href=\"https:\/\/bethge-roedenbeck.de\/?page_id=91\" class=\"themebutton\">Read More<\/a><\/p>\n","protected":false},"author":1,"featured_media":0,"parent":0,"menu_order":0,"comment_status":"closed","ping_status":"closed","template":"","meta":{"footnotes":""},"class_list":["post-91","page","type-page","status-publish","hentry"],"_links":{"self":[{"href":"https:\/\/bethge-roedenbeck.de\/index.php?rest_route=\/wp\/v2\/pages\/91","targetHints":{"allow":["GET"]}}],"collection":[{"href":"https:\/\/bethge-roedenbeck.de\/index.php?rest_route=\/wp\/v2\/pages"}],"about":[{"href":"https:\/\/bethge-roedenbeck.de\/index.php?rest_route=\/wp\/v2\/types\/page"}],"author":[{"embeddable":true,"href":"https:\/\/bethge-roedenbeck.de\/index.php?rest_route=\/wp\/v2\/users\/1"}],"replies":[{"embeddable":true,"href":"https:\/\/bethge-roedenbeck.de\/index.php?rest_route=%2Fwp%2Fv2%2Fcomments&post=91"}],"version-history":[{"count":3,"href":"https:\/\/bethge-roedenbeck.de\/index.php?rest_route=\/wp\/v2\/pages\/91\/revisions"}],"predecessor-version":[{"id":267,"href":"https:\/\/bethge-roedenbeck.de\/index.php?rest_route=\/wp\/v2\/pages\/91\/revisions\/267"}],"wp:attachment":[{"href":"https:\/\/bethge-roedenbeck.de\/index.php?rest_route=%2Fwp%2Fv2%2Fmedia&parent=91"}],"curies":[{"name":"wp","href":"https:\/\/api.w.org\/{rel}","templated":true}]}}