{"id":93,"date":"2019-08-26T09:17:36","date_gmt":"2019-08-26T09:17:36","guid":{"rendered":"http:\/\/bethge-roedenbeck.de\/?page_id=93"},"modified":"2021-07-13T16:01:31","modified_gmt":"2021-07-13T16:01:31","slug":"downloads","status":"publish","type":"page","link":"https:\/\/bethge-roedenbeck.de\/?page_id=93","title":{"rendered":"Downloads"},"content":{"rendered":"\n<p>Zur  Wahrnehmung Ihrer rechtlichen Interessen ben\u00f6tigen wir in vielen   F\u00e4llen  auch Ihre schriftliche Bevollm\u00e4chtigung. Ein entsprechendes Formular stellen wir zum Herunterladen bereit. Sie ben\u00f6tigen hierf\u00fcr   den Acrobat  Reader <\/p>\n\n\n\n<div class=\"wp-block-image\"><figure class=\"alignright\"><img loading=\"lazy\" decoding=\"async\" width=\"39\" height=\"38\" src=\"http:\/\/bethge-roedenbeck.de\/wp-content\/uploads\/2019\/09\/pdf.gif\" alt=\"\" class=\"wp-image-146\"\/><\/figure><\/div>\n\n\n\n<ul class=\"wp-block-list\"><li><strong><a href=\"http:\/\/bethge-roedenbeck.de\/wp-content\/uploads\/2019\/09\/vollmacht2013.pdf\" target=\"_blank\" rel=\"noreferrer noopener\" aria-label=\" (\u00f6ffnet in neuem Tab)\">Vollmachtsformular<\/a><\/strong><\/li><\/ul>\n\n\n\n<ul class=\"wp-block-list\"><li><strong><a href=\"http:\/\/bethge-roedenbeck.de\/wp-content\/uploads\/2019\/09\/strafprozesvollmacht2013b.pdf\" target=\"_blank\" rel=\"noreferrer noopener\" aria-label=\"Strafprozessvollmacht (\u00f6ffnet in neuem Tab)\">Strafprozessvollmacht<\/a><\/strong><\/li><\/ul>\n\n\n\n<ul class=\"wp-block-list\"><li><strong><a href=\"http:\/\/bethge-roedenbeck.de\/wp-content\/uploads\/2019\/09\/fragebogen2013.pdf\" target=\"_blank\" rel=\"noreferrer noopener\" aria-label=\" (\u00f6ffnet in neuem Tab)\">Fragebogen (Verkehrsunfall)<\/a><\/strong><\/li><\/ul>\n\n\n\n<div class=\"wp-block-image\"><figure class=\"alignright\"><img loading=\"lazy\" decoding=\"async\" width=\"100\" height=\"111\" src=\"http:\/\/bethge-roedenbeck.de\/wp-content\/uploads\/2019\/09\/forms04.gif\" alt=\"\" class=\"wp-image-145\"\/><\/figure><\/div>\n\n\n\n<p><strong>Weitere Formulare (extern)<\/strong><\/p>\n\n\n\n<p>Nieders\u00e4chsisches Justizministerium:<\/p>\n\n\n\n<ul class=\"wp-block-list\"><li><strong><a href=\"http:\/\/www.justizportal.niedersachsen.de\/portal\/live.php?navigation_id=13296&amp;article_id=56739&amp;_psmand=50\" target=\"_blank\" rel=\"noreferrer noopener\">Beratungshilfe<\/a><br>\n    <\/strong><\/li><li><a href=\"http:\/\/www.justizportal.niedersachsen.de\/portal\/live.php?navigation_id=13296&amp;article_id=56738&amp;_psmand=50\" target=\"_blank\" rel=\"noreferrer noopener\"><strong>Prozesskostenhilfe<\/strong><\/a><\/li><\/ul>\n\n\n\n<p><\/p>\n","protected":false},"excerpt":{"rendered":"<p>Zur Wahrnehmung Ihrer rechtlichen Interessen ben\u00f6tigen wir in vielen F\u00e4llen auch Ihre schriftliche Bevollm\u00e4chtigung. Ein entsprechendes Formular stellen wir zum Herunterladen bereit. Sie ben\u00f6tigen hierf\u00fcr den Acrobat Reader Vollmachtsformular Strafprozessvollmacht Fragebogen (Verkehrsunfall) Weitere Formulare (extern) Nieders\u00e4chsisches Justizministerium: Beratungshilfe Prozesskostenhilfe<\/p>\n","protected":false},"author":1,"featured_media":0,"parent":0,"menu_order":0,"comment_status":"closed","ping_status":"closed","template":"","meta":{"footnotes":""},"class_list":["post-93","page","type-page","status-publish","hentry"],"_links":{"self":[{"href":"https:\/\/bethge-roedenbeck.de\/index.php?rest_route=\/wp\/v2\/pages\/93","targetHints":{"allow":["GET"]}}],"collection":[{"href":"https:\/\/bethge-roedenbeck.de\/index.php?rest_route=\/wp\/v2\/pages"}],"about":[{"href":"https:\/\/bethge-roedenbeck.de\/index.php?rest_route=\/wp\/v2\/types\/page"}],"author":[{"embeddable":true,"href":"https:\/\/bethge-roedenbeck.de\/index.php?rest_route=\/wp\/v2\/users\/1"}],"replies":[{"embeddable":true,"href":"https:\/\/bethge-roedenbeck.de\/index.php?rest_route=%2Fwp%2Fv2%2Fcomments&post=93"}],"version-history":[{"count":12,"href":"https:\/\/bethge-roedenbeck.de\/index.php?rest_route=\/wp\/v2\/pages\/93\/revisions"}],"predecessor-version":[{"id":266,"href":"https:\/\/bethge-roedenbeck.de\/index.php?rest_route=\/wp\/v2\/pages\/93\/revisions\/266"}],"wp:attachment":[{"href":"https:\/\/bethge-roedenbeck.de\/index.php?rest_route=%2Fwp%2Fv2%2Fmedia&parent=93"}],"curies":[{"name":"wp","href":"https:\/\/api.w.org\/{rel}","templated":true}]}}