{"id":99,"date":"2019-08-26T09:20:03","date_gmt":"2019-08-26T09:20:03","guid":{"rendered":"http:\/\/bethge-roedenbeck.de\/?page_id=99"},"modified":"2019-08-26T09:20:04","modified_gmt":"2019-08-26T09:20:04","slug":"impressum","status":"publish","type":"page","link":"https:\/\/bethge-roedenbeck.de\/?page_id=99","title":{"rendered":"Impressum"},"content":{"rendered":"\n<p><strong>Impressum nach \u00a7 6 TDG:<\/strong><br>\n<br>\nDienstanbieter:<br>\n<br>\nRechtsanw\u00e4lte Fabian Bethge &amp; Torsten R\u00f6denbeck<br>\nAn den Brodb\u00e4nken 5, 21335 L\u00fcneburg<br>\nTelefon: 04131 \/ 380631<br>\nFax: 04131 \/ 380633<br>\n<br>\nUSt.-IdNr. DE191466355, Finanzamt L\u00fcneburg<br>\n<br>\nE-Mail: <a href=\"mailto:info@anwalt-lueneburg.de\">info@anwalt-lueneburg.de<\/a><br>\n<br>\nAnsprechpartner: RA Fabian Bethge<br>\n<br>\nDie Berufsbezeichnung Rechtsanwalt wurde Herrn Rechtsanwalt Fabian Bethge in der Bundesrepublik Deutschland verliehen.<br>\n<br>\nDie Berufsbezeichnung Rechtsanwalt wurde Herrn Rechtsanwalt Torsten R\u00f6denbeck in der Bundesrepublik Deutschland verliehen.<br>\n<br>\nAufsichtsbeh\u00f6rde:<br>\n<br>\nRechtsanwaltskammer f\u00fcr den Oberlandesgerichtsbezirk Celle, Bahnhofstra\u00dfe 5, 29202 Celle<br>\n<br>\nTelefon: 05141 \/ 92 82 &#8211; 0<br>\n<br>\nFax: 05141 \/ 92 82 &#8211; 42<br>\n<br>\n<a href=\"http:\/\/www.rakcelle.de\">www.rakcelle.de<\/a><br>\n<br>\nBerufsrechtliche Regelungen:<br>\n<br>\nBundesrechtsanwaltsordnung (BRAO)<br>\nBerufsordnung f\u00fcr Rechtsanw\u00e4lte (BORA)<br>\nRechtsanwaltsverg\u00fctungsgesetz (RVG)<br>\nErh\u00e4ltlich \u00fcber die <a href=\"http:\/\/www.brak.de\/\">Bundesrechtsanwaltskammer (BRAK)<\/a><\/p>\n\n\n\n<p><strong>Berufshaftpflichtversicherung<\/strong><br>\n<br>\nRechtsanw\u00e4lte sind aufgrund der Bundesrechtsanwaltsordnung verpflichtet,\n eine Berufshaftpflichtversicherung (Verm\u00f6gensschaden- \nHaftpflichtversicherung) mit einer Mindestversicherungssumme von \n250.000,00 Euro zu unterhalten. Die Einzelheiten ergeben sich aus \u00a7 51 <a href=\"http:\/\/www.gesetze-im-internet.de\/brao\/index.html\" target=\"_blank\" rel=\"noreferrer noopener\">BRAO<\/a>.\n Die Rechtsanw\u00e4lte Bethge &amp; R\u00f6denbeck haben eine \nBerufshaftpflichtversicherung, die \u00fcber die Mindestpflichtversicherung \n(\u00a7 51 BRAO) in H\u00f6he von 250.000,00 EURO hinausgeht, mit einer \nDeckungssumme von 500.000 EURO pro Einzelfall abgeschlossen.<\/p>\n\n\n\n<p>Rechtsanwalt Fabian Bethge verf\u00fcgt \u00fcber eine Berufshaftpflichtversicherung (Verm\u00f6gensschaden-Haftpflichtversicherung)\n bei der Allianz Versicherung AG, M\u00fcnchen. R\u00e4umlicher Geltungsbereich \nder Berufshaftpflichtversicherung ist die Bundesrepublik Deutschland.<br>\n<br>\nRechtsanwalt Torsten R\u00f6denbeck verf\u00fcgt \u00fcber eine Berufshaftpflichtversicherung (Verm\u00f6gensschaden-Haftpflichtversicherung)\n bei der Allianz Versicherung AG, M\u00fcnchen. R\u00e4umlicher Geltungsbereich \nder Berufshaftpflichtversicherung ist die Bundesrepublik Deutschland.<\/p>\n\n\n\n<p>Verm\u00f6gensschadenhaftpflichtversicherung:<br>\nAllianz Versicherung AG<br>\nDieselstra\u00dfe 6-8<br>\n85774 Unterf\u00f6hring<\/p>\n\n\n\n<p><strong>Haftungsausschluss<\/strong><br>\n<br>\n1. Inhalt des Onlineangebotes<br>\nDie  RA Bethge &amp; R\u00f6denbeck \u00fcbernimmt keinerlei Gew\u00e4hr f\u00fcr die  \nAktualit\u00e4t, Korrektheit, Vollst\u00e4ndigkeit oder Qualit\u00e4t der  \nbereitgestellten Informationen. Haftungsanspr\u00fcche gegen die RA Bethge  \n&amp; R\u00f6denbeck, welche sich auf Sch\u00e4den materieller oder ideeller Art  \nbeziehen, die durch die Nutzung oder Nichtnutzung der dargebotenen  \nInformationen bzw. durch die Nutzung fehlerhafter und unvollst\u00e4ndiger  \nInformationen verursacht wurden sind grunds\u00e4tzlich ausgeschlossen,  \nsofern seitens der  RA Bethge &amp; R\u00f6denbeck kein nachweislich  \nvors\u00e4tzliches oder grob fahrl\u00e4ssiges Verschulden vorliegt.<br>\nAlle  Angebote sind freibleibend und unverbindlich. Die RA Bethge &amp; \n R\u00f6denbeck behalten es sich ausdr\u00fccklich vor, Teile der Seiten oder das \n gesamte Angebot ohne gesonderte Ank\u00fcndigung zu ver\u00e4ndern, zu erg\u00e4nzen, \n zu l\u00f6schen oder die Ver\u00f6ffentlichung zeitweise oder endg\u00fcltig  \neinzustellen.<br>\n<br>\n2. Verweise und Links<br>\nBei direkten oder  indirekten Verweisen auf fremde Internetseiten \n(&#8222;Links&#8220;), die au\u00dferhalb  des Verantwortungsbereiches der  RA Bethge \n&amp; R\u00f6denbeck liegen, w\u00fcrde  eine Haftungsverpflichtung ausschlie\u00dflich\n in dem Fall in Kraft treten,  in dem der RA Bethge &amp; R\u00f6denbeck von \nden Inhalten Kenntnis hat und  es ihm technisch m\u00f6glich und zumutbar \nw\u00e4re, die Nutzung im Falle  rechtswidriger Inhalte zu verhindern.<br>\nDie RA Bethge &amp; R\u00f6denbeck  erkl\u00e4ren hiermit ausdr\u00fccklich, dass zum \nZeitpunkt der Linksetzung die  entsprechenden verlinkten Seiten frei von\n illegalen Inhalten waren. Auf  die aktuelle und zuk\u00fcnftige Gestaltung, \ndie Inhalte oder die  Urheberschaft der gelinkten\/verkn\u00fcpften Seiten \nhaben die RA Bethge &amp;  R\u00f6denbeck keinerlei Einfluss. Deshalb \ndistanzieren sie sich hiermit  ausdr\u00fccklich von allen Inhalten aller \ngelinkten \/verkn\u00fcpften Seiten, die  nach der Linksetzung ver\u00e4ndert \nwurden. Diese Feststellung gilt f\u00fcr alle  innerhalb des eigenen \nInternetangebotes gesetzten Links und Verweise.  F\u00fcr illegale, \nfehlerhafte oder unvollst\u00e4ndige Inhalte und insbesondere  f\u00fcr Sch\u00e4den, \ndie aus der Nutzung oder Nichtnutzung solcherart  dargebotener \nInformationen entstehen, haftet allein der Anbieter der  Seite, auf \nwelche verwiesen wurde, nicht derjenige, der \u00fcber Links auf  die \njeweilige Ver\u00f6ffentlichung lediglich verweist.<br>\n<br>\n3. Urheber- und Kennzeichenrecht<br>\nDie  RA Bethge &amp; R\u00f6denbeck sind bestrebt, in allen Publikationen die\n  Urheberrechte der verwendeten Grafiken, Tondokumente, Videosequenzen \nund  Texte zu beachten, von ihnen selbst erstellte Grafiken, \nTondokumente,  Videosequenzen und Texte zu nutzen oder auf lizenzfreie \nGrafiken,  Tondokumente, Videosequenzen und Texte zur\u00fcckzugreifen.<br>\nAlle  innerhalb des Internetangebotes genannten und ggf. durch Dritte  \ngesch\u00fctzten Marken- und Warenzeichen unterliegen uneingeschr\u00e4nkt den  \nBestimmungen des jeweils g\u00fcltigen Kennzeichenrechts und den  \nBesitzrechten der jeweiligen eingetragenen Eigent\u00fcmer. Allein aufgrund  \nder blo\u00dfen Nennung ist nicht der Schlu\u00df zu ziehen, dass Markenzeichen  \nnicht durch Rechte Dritter gesch\u00fctzt sind!<br>\nDas Copyright f\u00fcr  ver\u00f6ffentlichte, von den RA Bethge &amp; R\u00f6denbeck \nselbst erstellte  Objekte bleibt allein bei den RA Bethge &amp; \nR\u00f6denbeck der Seiten. Eine  Vervielf\u00e4ltigung oder Verwendung solcher \nGrafiken, Tondokumente,  Videosequenzen und Texte in anderen \nelektronischen oder gedruckten  Publikationen ist ohne ausdr\u00fcckliche \nZustimmung der RA Bethge, R\u00f6denbeck  und M\u00fclle nicht gestattet.<br>\n<br>\n<br>\n4. Datenschutz<br>\nSofern  innerhalb des Internetangebotes die M\u00f6glichkeit zur Eingabe \npers\u00f6nlicher  oder gesch\u00e4ftlicher Daten (Emailadressen, Namen, \nAnschriften) besteht,  so erfolgt die Preisgabe dieser Daten seitens des\n Nutzers auf  ausdr\u00fccklich freiwilliger Basis. Die Inanspruchnahme und \nBezahlung aller  angebotenen Dienste ist &#8211; soweit technisch m\u00f6glich und \nzumutbar &#8211; auch  ohne Angabe solcher Daten bzw. unter Angabe \nanonymisierter Daten oder  eines Pseudonyms gestattet.<br>\n<br>\n<br>\n5. Rechtswirksamkeit dieses Haftungsausschlusses<br>\nDieser  Haftungsausschluss ist als Teil des Internetangebotes zu \nbetrachten,  von dem aus auf diese Seite verwiesen wurde. Sofern Teile \noder einzelne  Formulierungen dieses Textes der geltenden Rechtslage \nnicht, nicht mehr  oder nicht vollst\u00e4ndig entsprechen sollten, bleiben \ndie \u00fcbrigen Teile  des Dokumentes in ihrem Inhalt und ihrer G\u00fcltigkeit \ndavon unber\u00fchrt.<\/p>\n","protected":false},"excerpt":{"rendered":"<p>Impressum nach \u00a7 6 TDG: Dienstanbieter: Rechtsanw\u00e4lte Fabian Bethge &amp; Torsten R\u00f6denbeck An den Brodb\u00e4nken 5, 21335 L\u00fcneburg Telefon: 04131 \/ 380631 Fax: 04131 \/ 380633 USt.-IdNr. DE191466355, Finanzamt L\u00fcneburg E-Mail: info@anwalt-lueneburg.de Ansprechpartner: RA Fabian Bethge Die Berufsbezeichnung Rechtsanwalt wurde Herrn Rechtsanwalt Fabian Bethge in der Bundesrepublik Deutschland verliehen. Die Berufsbezeichnung Rechtsanwalt wurde Herrn Rechtsanwalt<\/p>\n<p class=\"more-link\"><a href=\"https:\/\/bethge-roedenbeck.de\/?page_id=99\" class=\"themebutton\">Read More<\/a><\/p>\n","protected":false},"author":1,"featured_media":0,"parent":0,"menu_order":0,"comment_status":"closed","ping_status":"closed","template":"","meta":{"footnotes":""},"class_list":["post-99","page","type-page","status-publish","hentry"],"_links":{"self":[{"href":"https:\/\/bethge-roedenbeck.de\/index.php?rest_route=\/wp\/v2\/pages\/99","targetHints":{"allow":["GET"]}}],"collection":[{"href":"https:\/\/bethge-roedenbeck.de\/index.php?rest_route=\/wp\/v2\/pages"}],"about":[{"href":"https:\/\/bethge-roedenbeck.de\/index.php?rest_route=\/wp\/v2\/types\/page"}],"author":[{"embeddable":true,"href":"https:\/\/bethge-roedenbeck.de\/index.php?rest_route=\/wp\/v2\/users\/1"}],"replies":[{"embeddable":true,"href":"https:\/\/bethge-roedenbeck.de\/index.php?rest_route=%2Fwp%2Fv2%2Fcomments&post=99"}],"version-history":[{"count":1,"href":"https:\/\/bethge-roedenbeck.de\/index.php?rest_route=\/wp\/v2\/pages\/99\/revisions"}],"predecessor-version":[{"id":100,"href":"https:\/\/bethge-roedenbeck.de\/index.php?rest_route=\/wp\/v2\/pages\/99\/revisions\/100"}],"wp:attachment":[{"href":"https:\/\/bethge-roedenbeck.de\/index.php?rest_route=%2Fwp%2Fv2%2Fmedia&parent=99"}],"curies":[{"name":"wp","href":"https:\/\/api.w.org\/{rel}","templated":true}]}}